{"id":2529,"date":"2014-07-16T16:16:58","date_gmt":"2014-07-16T14:16:58","guid":{"rendered":"https:\/\/hoexter.sawah.mobi\/?page_id=2529"},"modified":"2019-11-20T07:47:00","modified_gmt":"2019-11-20T06:47:00","slug":"schoenheit-bewahren","status":"publish","type":"page","link":"https:\/\/hoexter.sawah.mobi\/?page_id=2529","title":{"rendered":"Sch\u00f6nheit bewahren"},"content":{"rendered":"<p>Die einzigartige Sch\u00f6nheit des europ\u00e4ischen Naturerbes zu erhalten und sie gleichzeitig den Menschen zu vermitteln, dies ist ein Hauptziel des Projektes \u201eErlesene Natur\u201c.<\/p>\n<p>Naturschutz hie\u00df fr\u00fcher oft, die empfindlichen Lebensr\u00e4ume mit ihrer sensiblen Tier- und Pflanzenwelt auch vor Besuchern zu sch\u00fctzen. Schlie\u00dflich sind die Gebiete letzte Refugien der Natur in einer immer dichter besiedelten Kulturlandschaft. Aber nur wer sich selbst ein Bild von den Natursch\u00f6nheiten vor der eigenen Haust\u00fcr machen kann, wird auch bereit sein, sich f\u00fcr deren Erhalt einzusetzen.<\/p>\n<p>Darum werden im Projekt gezielt Naturschutzgebiete und europ\u00e4ische FFH-Gebiete ausgew\u00e4hlt und mit Augenma\u00df und Sachverstand f\u00fcr Naturliebhaber erschlossen. Neue Wanderwege und GPS-Erlebnisrouten f\u00fchren durch die Gebiete und entlasten gleichzeitig sensible Bereiche. Gew\u00e4sserzug\u00e4nge und Beobachtungst\u00fcrme schaffen neue Einblicke.<\/p>\n<p>Naturerlebnisstationen und Infotafeln vermitteln Zusammenh\u00e4nge und eigens ausgebildete Natur- und Kulturlandf\u00fchrer gehen mit den Interessierten auf Exkursion.<\/p>\n<p>Aufkl\u00e4ren statt verbieten, mitnehmen statt ausgrenzen, dies ist unsere Devise zum Schutz der \u201eErlesenen Natur\u201c im Kulturland Kreis H\u00f6xter.<\/p>","protected":false},"excerpt":{"rendered":"<p>Die einzigartige Sch\u00f6nheit des europ\u00e4ischen Naturerbes zu erhalten und sie gleichzeitig den Menschen zu vermitteln, dies ist ein Hauptziel des Projektes \u201eErlesene Natur\u201c. Naturschutz hie\u00df fr\u00fcher oft, die empfindlichen Lebensr\u00e4ume mit ihrer sensiblen Tier- und Pflanzenwelt auch vor Besuchern zu sch\u00fctzen. Schlie\u00dflich sind die Gebiete letzte Refugien der Natur in einer immer dichter besiedelten Kulturlandschaft. [&hellip;]<\/p>\n","protected":false},"author":1,"featured_media":2472,"parent":0,"menu_order":0,"comment_status":"open","ping_status":"closed","template":"","meta":{"ngg_post_thumbnail":0},"_links":{"self":[{"href":"https:\/\/hoexter.sawah.mobi\/index.php?rest_route=\/wp\/v2\/pages\/2529"}],"collection":[{"href":"https:\/\/hoexter.sawah.mobi\/index.php?rest_route=\/wp\/v2\/pages"}],"about":[{"href":"https:\/\/hoexter.sawah.mobi\/index.php?rest_route=\/wp\/v2\/types\/page"}],"author":[{"embeddable":true,"href":"https:\/\/hoexter.sawah.mobi\/index.php?rest_route=\/wp\/v2\/users\/1"}],"replies":[{"embeddable":true,"href":"https:\/\/hoexter.sawah.mobi\/index.php?rest_route=%2Fwp%2Fv2%2Fcomments&post=2529"}],"version-history":[{"count":3,"href":"https:\/\/hoexter.sawah.mobi\/index.php?rest_route=\/wp\/v2\/pages\/2529\/revisions"}],"predecessor-version":[{"id":2676,"href":"https:\/\/hoexter.sawah.mobi\/index.php?rest_route=\/wp\/v2\/pages\/2529\/revisions\/2676"}],"wp:featuredmedia":[{"embeddable":true,"href":"https:\/\/hoexter.sawah.mobi\/index.php?rest_route=\/wp\/v2\/media\/2472"}],"wp:attachment":[{"href":"https:\/\/hoexter.sawah.mobi\/index.php?rest_route=%2Fwp%2Fv2%2Fmedia&parent=2529"}],"curies":[{"name":"wp","href":"https:\/\/api.w.org\/{rel}","templated":true}]}}