{"id":2586,"date":"2014-07-17T11:21:02","date_gmt":"2014-07-17T09:21:02","guid":{"rendered":"https:\/\/hoexter.sawah.mobi\/?page_id=2586"},"modified":"2014-07-17T11:21:02","modified_gmt":"2014-07-17T09:21:02","slug":"weser-skywalk-bei-wuergassen","status":"publish","type":"page","link":"https:\/\/hoexter.sawah.mobi\/?page_id=2586","title":{"rendered":"Weser-Skywalk bei W\u00fcrgassen"},"content":{"rendered":"<p><strong>Schweben \u00fcber Fels und Wasser<\/strong><\/p>\n<p>Vor rund 250 Millionen Jahren war das Klima im Weserbergland im Bereich des heutigen Solling hei\u00df und trocken. Aus S\u00fcden aber f\u00fchrten weitverzweigte Fluss-Systeme nach monsunartigen Niederschl\u00e4gen Sande heran, die im Laufe der Jahrmillionen zu immer m\u00e4chtigeren Schichten abgelagert wurden. Unter ihrem eigenen Gewicht verdichtete sich der Sand zu Sandstein, in den sich seit rund einer Million Jahre der Lauf der Weser einschneidet.\u2028 Damals wie heute sind die Sande \u2013 ob in lockerer oder fester Form \u2013 ein extremer Lebensraum. Mit dem Wassermangel und den teils hohen Temperaturen kommen nicht viele h\u00f6here Lebewesen zurecht. Diese Hitze und Trockenheit ertragenden Spezialisten bilden eine seltene Lebensgemeinschaft und sie sind auch der Grund, weshalb die Hannoverschen Klippen in das europ\u00e4ische Netzwerk Natura 2000 aufgenommen wurden.<\/p>\n<p><strong>Steinerne Zinnen im uralten Wald<\/strong><\/p>\n<p>Dort, wo Nordrhein-Westfalen, Niedersachsen und Hessen im Weserbergland aufeinandersto\u00dfen, liegt ein Naturschutzgebiet von ganz besonderem Reiz \u2013 die Hannoverschen Klippen. Ihr uralter Wald mit seinen knorrigen Eichen und Buchen zieht jeden Naturfreund in seinen Bann. Nicht nur an lauen Juniabenden, wenn Hunderte von Gl\u00fchw\u00fcrmchen zwischen den dunklen B\u00e4umen leuchten, geht von ihm eine magische Faszination aus. Das stetige Nebeneinander von Werden und Vergehen schafft hier einen Lebensraum von besonderem Wert.<\/p>\n<p>Weithin sichtbar bilden die sieben Sandsteinfelsen die Kulisse f\u00fcr eine au\u00dfergew\u00f6hnliche Verbindung von Natur und Technik \u2013 den Weser-Skywalk. Von hier, rund 80 Meter \u00fcber dem Fluss, bietet sich dem Besucher eine einmalige Aussicht ins Wesertal und auf den umliegenden Wald.<\/p>","protected":false},"excerpt":{"rendered":"<p>Schweben \u00fcber Fels und Wasser Vor rund 250 Millionen Jahren war das Klima im Weserbergland im Bereich des heutigen Solling hei\u00df und trocken. Aus S\u00fcden aber f\u00fchrten weitverzweigte Fluss-Systeme nach monsunartigen Niederschl\u00e4gen Sande heran, die im Laufe der Jahrmillionen zu immer m\u00e4chtigeren Schichten abgelagert wurden. Unter ihrem eigenen Gewicht verdichtete sich der Sand zu Sandstein, [&hellip;]<\/p>\n","protected":false},"author":1,"featured_media":2486,"parent":0,"menu_order":0,"comment_status":"open","ping_status":"open","template":"","meta":{"ngg_post_thumbnail":0},"_links":{"self":[{"href":"https:\/\/hoexter.sawah.mobi\/index.php?rest_route=\/wp\/v2\/pages\/2586"}],"collection":[{"href":"https:\/\/hoexter.sawah.mobi\/index.php?rest_route=\/wp\/v2\/pages"}],"about":[{"href":"https:\/\/hoexter.sawah.mobi\/index.php?rest_route=\/wp\/v2\/types\/page"}],"author":[{"embeddable":true,"href":"https:\/\/hoexter.sawah.mobi\/index.php?rest_route=\/wp\/v2\/users\/1"}],"replies":[{"embeddable":true,"href":"https:\/\/hoexter.sawah.mobi\/index.php?rest_route=%2Fwp%2Fv2%2Fcomments&post=2586"}],"version-history":[{"count":1,"href":"https:\/\/hoexter.sawah.mobi\/index.php?rest_route=\/wp\/v2\/pages\/2586\/revisions"}],"predecessor-version":[{"id":2587,"href":"https:\/\/hoexter.sawah.mobi\/index.php?rest_route=\/wp\/v2\/pages\/2586\/revisions\/2587"}],"wp:featuredmedia":[{"embeddable":true,"href":"https:\/\/hoexter.sawah.mobi\/index.php?rest_route=\/wp\/v2\/media\/2486"}],"wp:attachment":[{"href":"https:\/\/hoexter.sawah.mobi\/index.php?rest_route=%2Fwp%2Fv2%2Fmedia&parent=2586"}],"curies":[{"name":"wp","href":"https:\/\/api.w.org\/{rel}","templated":true}]}}