{"id":2590,"date":"2014-07-17T13:34:08","date_gmt":"2014-07-17T11:34:08","guid":{"rendered":"https:\/\/hoexter.sawah.mobi\/?page_id=2590"},"modified":"2014-07-17T13:34:08","modified_gmt":"2014-07-17T11:34:08","slug":"bleikuhlen-bei-blankenrode","status":"publish","type":"page","link":"https:\/\/hoexter.sawah.mobi\/?page_id=2590","title":{"rendered":"Bleikuhlen bei Blankenrode"},"content":{"rendered":"<p><strong>Stippvisite im Zwergenreich<\/strong><\/p>\n<p>Zwerge gelten in den Mythen der Germanen und den M\u00e4rchen des Mittelalters als t\u00fcchtige Handwerker und Bergleute, die in unterirdischen H\u00f6hlen und G\u00e4ngen Metalle abbauen und daraus Werkzeug, Waffen oder kostbarste Kleinode schmieden. Mit ein wenig Phantasie kann man sich an einem nebeligen Tag im Sp\u00e4therbst gut vorstellen, dass sie in grauer Vorzeit auch in den Bleikuhlen bei Blankenrode t\u00e4tig waren und dort nach begehrten Metallen wie Silber gesch\u00fcrft haben. Ein sch\u00f6nes M\u00e4rchen \u2013 ganz im Geiste der Br\u00fcder Grimm!<\/p>\n<p>Realit\u00e4t ist, dass bei Blankenrode \u00fcber viele Jahrhunderte Bleierze und in einer letzten Abbauperiodeauch Zinkerz, der sogenannte Galmei, gef\u00f6rdert wurden. Als Zeugnis des ehemaligen Bergbaus haben sich bis heute eine eindrucksvolle, etwa\u00a0500 m lange Grube und ausgedehnte Abraumhalden\u00a0erhalten.<\/p>\n<p><strong>Leben auf der Halde<\/strong><\/p>\n<p>W\u00e4hrend Zwerge ins Reich der M\u00e4rchen geh\u00f6ren, ist die Vegetation in Halde und Kuhle tats\u00e4chlich von zwergenhaftem Wuchs. Geh\u00f6lze findet man kaum, die Krautschicht ist niedrig und l\u00fcckenhaft. Grund hierf\u00fcr ist der hohe Schwermetallgehalt des Bodens im Bereich der Grube. Blei und Zink sind als Spurenelemente f\u00fcr die Pflanzen unentbehrlich, in h\u00f6heren Konzentrationen jedoch giftig. Spezielle Anpassungen sind notwendig um diesen lebensfeindlichen Bereich zu besiedeln. Da die Abwehrmechanismen jedoch aufw\u00e4ndig und energiefressend sind, weisen diese Pflanzen einen nur zwergenhaften Wuchs auf und bilden zudem keine geschlossene Vegetationsdecke aus. Nat\u00fcrlicherweise kommen diese Spezialisten nur lokal im Bereich oberfl\u00e4chig ausstreichender Erzadern vor. Heute finden sie sich vor allem auf den Abraumhalden ehemaliger Bergwerke. Die Seltenheit und das Vorkommen hochspezialisierter Pflanzen- und Flechtenarten sind der Grund, weshalb die Schwermetallrasen der Bleikuhlen bei Blankenrode unter europaweitem Schutz stehen.<\/p>","protected":false},"excerpt":{"rendered":"<p>Stippvisite im Zwergenreich Zwerge gelten in den Mythen der Germanen und den M\u00e4rchen des Mittelalters als t\u00fcchtige Handwerker und Bergleute, die in unterirdischen H\u00f6hlen und G\u00e4ngen Metalle abbauen und daraus Werkzeug, Waffen oder kostbarste Kleinode schmieden. Mit ein wenig Phantasie kann man sich an einem nebeligen Tag im Sp\u00e4therbst gut vorstellen, dass sie in grauer [&hellip;]<\/p>\n","protected":false},"author":1,"featured_media":2492,"parent":0,"menu_order":0,"comment_status":"open","ping_status":"open","template":"","meta":{"ngg_post_thumbnail":0},"_links":{"self":[{"href":"https:\/\/hoexter.sawah.mobi\/index.php?rest_route=\/wp\/v2\/pages\/2590"}],"collection":[{"href":"https:\/\/hoexter.sawah.mobi\/index.php?rest_route=\/wp\/v2\/pages"}],"about":[{"href":"https:\/\/hoexter.sawah.mobi\/index.php?rest_route=\/wp\/v2\/types\/page"}],"author":[{"embeddable":true,"href":"https:\/\/hoexter.sawah.mobi\/index.php?rest_route=\/wp\/v2\/users\/1"}],"replies":[{"embeddable":true,"href":"https:\/\/hoexter.sawah.mobi\/index.php?rest_route=%2Fwp%2Fv2%2Fcomments&post=2590"}],"version-history":[{"count":1,"href":"https:\/\/hoexter.sawah.mobi\/index.php?rest_route=\/wp\/v2\/pages\/2590\/revisions"}],"predecessor-version":[{"id":2591,"href":"https:\/\/hoexter.sawah.mobi\/index.php?rest_route=\/wp\/v2\/pages\/2590\/revisions\/2591"}],"wp:featuredmedia":[{"embeddable":true,"href":"https:\/\/hoexter.sawah.mobi\/index.php?rest_route=\/wp\/v2\/media\/2492"}],"wp:attachment":[{"href":"https:\/\/hoexter.sawah.mobi\/index.php?rest_route=%2Fwp%2Fv2%2Fmedia&parent=2590"}],"curies":[{"name":"wp","href":"https:\/\/api.w.org\/{rel}","templated":true}]}}